{"id":3198,"date":"2025-11-07T16:16:54","date_gmt":"2025-11-07T21:16:54","guid":{"rendered":"https:\/\/ccmetropolitano.co\/portal\/?post_type=product&#038;p=3198"},"modified":"2025-11-07T16:18:24","modified_gmt":"2025-11-07T21:18:24","slug":"my-touch-perfumeria","status":"publish","type":"product","link":"https:\/\/ccmetropolitano.co\/portal\/producto\/my-touch-perfumeria\/","title":{"rendered":"MY TOUCH &#8211; PERFUMERIA"},"content":{"rendered":"<p>En nuestra perfumer\u00eda, te invitamos a descubrir una amplia selecci\u00f3n de fragancias \u00fanicas y exclusivas. Desde perfumes de marcas reconocidas internacionalmente hasta opciones de perfumer\u00eda nicho y artesanal, cada producto est\u00e1 cuidadosamente seleccionado para ofrecerte calidad y variedad. Nuestro objetivo es ayudarte a encontrar la fragancia perfecta que complemente tu estilo y personalidad, asegurando una experiencia olfativa memorable en cada visita.<\/p>\n","protected":false},"excerpt":{"rendered":"<p><a href=\"Tel:\/\/(605)2012996\"><img decoding=\"async\" class=\"alignnone wp-image-946\" src=\"https:\/\/ccmetropolitano.co\/portal\/wp-content\/uploads\/2022\/09\/28753-Convertido-02-2-300x94.png\" alt=\"\" width=\"240\" height=\"75\" srcset=\"https:\/\/ccmetropolitano.co\/portal\/wp-content\/uploads\/2022\/09\/28753-Convertido-02-2-300x94.png 300w, https:\/\/ccmetropolitano.co\/portal\/wp-content\/uploads\/2022\/09\/28753-Convertido-02-2-600x188.png 600w, https:\/\/ccmetropolitano.co\/portal\/wp-content\/uploads\/2022\/09\/28753-Convertido-02-2-768x241.png 768w, https:\/\/ccmetropolitano.co\/portal\/wp-content\/uploads\/2022\/09\/28753-Convertido-02-2.png 866w\" sizes=\"(max-width: 240px) 100vw, 240px\" \/><\/a><\/p>\n<div style=\"text-align: left;\">En\u00a0<strong>Milenium Modas<\/strong>\u00a0( Empresa constante crecimiento ), trabajamos desde comienzos del a\u00f1o 2000, para poder ofrecer a una amplia gama de\u00a0<strong>clientes de todas las edades<\/strong>, unos productos de m\u00e1xima calidad, siempre al precio mas competitivo en el mercado.<\/div>\n<p style=\"text-align: left;\">\n","protected":false},"featured_media":3199,"comment_status":"closed","ping_status":"closed","template":"","meta":{"site-sidebar-layout":"default","site-content-layout":"default","ast-site-content-layout":"default","site-content-style":"default","site-sidebar-style":"default","ast-global-header-display":"","ast-banner-title-visibility":"","ast-main-header-display":"","ast-hfb-above-header-display":"","ast-hfb-below-header-display":"","ast-hfb-mobile-header-display":"","site-post-title":"","ast-breadcrumbs-content":"","ast-featured-img":"","footer-sml-layout":"","theme-transparent-header-meta":"default","adv-header-id-meta":"","stick-header-meta":"","header-above-stick-meta":"","header-main-stick-meta":"","header-below-stick-meta":"","astra-migrate-meta-layouts":"set","ast-page-background-enabled":"default","ast-page-background-meta":{"desktop":{"background-color":"","background-image":"","background-repeat":"repeat","background-position":"center center","background-size":"auto","background-attachment":"scroll","background-type":"","background-media":"","overlay-type":"","overlay-color":"","overlay-opacity":"","overlay-gradient":""},"tablet":{"background-color":"","background-image":"","background-repeat":"repeat","background-position":"center center","background-size":"auto","background-attachment":"scroll","background-type":"","background-media":"","overlay-type":"","overlay-color":"","overlay-opacity":"","overlay-gradient":""},"mobile":{"background-color":"","background-image":"","background-repeat":"repeat","background-position":"center center","background-size":"auto","background-attachment":"scroll","background-type":"","background-media":"","overlay-type":"","overlay-color":"","overlay-opacity":"","overlay-gradient":""}},"ast-content-background-meta":{"desktop":{"background-color":"var(--ast-global-color-5)","background-image":"","background-repeat":"repeat","background-position":"center center","background-size":"auto","background-attachment":"scroll","background-type":"","background-media":"","overlay-type":"","overlay-color":"","overlay-opacity":"","overlay-gradient":""},"tablet":{"background-color":"var(--ast-global-color-5)","background-image":"","background-repeat":"repeat","background-position":"center center","background-size":"auto","background-attachment":"scroll","background-type":"","background-media":"","overlay-type":"","overlay-color":"","overlay-opacity":"","overlay-gradient":""},"mobile":{"background-color":"var(--ast-global-color-5)","background-image":"","background-repeat":"repeat","background-position":"center center","background-size":"auto","background-attachment":"scroll","background-type":"","background-media":"","overlay-type":"","overlay-color":"","overlay-opacity":"","overlay-gradient":""}}},"product_cat":[23],"product_tag":[81],"class_list":{"0":"post-3198","1":"product","2":"type-product","3":"status-publish","4":"has-post-thumbnail","6":"product_cat-moda","7":"product_tag-areas-comunes","8":"desktop-align-left","9":"tablet-align-left","10":"mobile-align-left","12":"first","13":"instock","14":"shipping-taxable","15":"product-type-simple"},"yoast_head":"<!-- This site is optimized with the Yoast SEO plugin v23.0 - https:\/\/yoast.com\/wordpress\/plugins\/seo\/ -->\n<title>MY TOUCH - PERFUMERIA - CC Metropolitano<\/title>\n<meta name=\"robots\" content=\"index, follow, max-snippet:-1, max-image-preview:large, max-video-preview:-1\" \/>\n<link rel=\"canonical\" href=\"https:\/\/ccmetropolitano.co\/portal\/producto\/my-touch-perfumeria\/\" \/>\n<meta property=\"og:locale\" content=\"es_ES\" \/>\n<meta property=\"og:type\" content=\"article\" \/>\n<meta property=\"og:title\" content=\"MY TOUCH - PERFUMERIA - CC Metropolitano\" \/>\n<meta property=\"og:description\" content=\"En\u00a0Milenium Modas\u00a0( Empresa constante crecimiento ), trabajamos desde comienzos del a\u00f1o 2000, para poder ofrecer a una amplia gama de\u00a0clientes de todas las edades, unos productos de m\u00e1xima calidad, siempre al precio mas competitivo en el mercado.\" \/>\n<meta property=\"og:url\" content=\"https:\/\/ccmetropolitano.co\/portal\/producto\/my-touch-perfumeria\/\" \/>\n<meta property=\"og:site_name\" content=\"CC Metropolitano\" \/>\n<meta property=\"article:publisher\" content=\"https:\/\/www.facebook.com\/ccmetropolitanoco\" \/>\n<meta property=\"article:modified_time\" content=\"2025-11-07T21:18:24+00:00\" \/>\n<meta property=\"og:image\" content=\"https:\/\/ccmetropolitano.co\/portal\/wp-content\/uploads\/2025\/11\/imagen_2025-11-07_161746242.png\" \/>\n\t<meta property=\"og:image:width\" content=\"300\" \/>\n\t<meta property=\"og:image:height\" content=\"300\" \/>\n\t<meta property=\"og:image:type\" content=\"image\/png\" \/>\n<meta name=\"twitter:card\" content=\"summary_large_image\" \/>\n<meta name=\"twitter:label1\" content=\"Tiempo de lectura\" \/>\n\t<meta name=\"twitter:data1\" content=\"1 minuto\" \/>\n<script type=\"application\/ld+json\" class=\"yoast-schema-graph\">{\"@context\":\"https:\/\/schema.org\",\"@graph\":[{\"@type\":\"WebPage\",\"@id\":\"https:\/\/ccmetropolitano.co\/portal\/producto\/my-touch-perfumeria\/\",\"url\":\"https:\/\/ccmetropolitano.co\/portal\/producto\/my-touch-perfumeria\/\",\"name\":\"MY TOUCH - PERFUMERIA - CC Metropolitano\",\"isPartOf\":{\"@id\":\"https:\/\/ccmetropolitano.co\/portal\/#website\"},\"primaryImageOfPage\":{\"@id\":\"https:\/\/ccmetropolitano.co\/portal\/producto\/my-touch-perfumeria\/#primaryimage\"},\"image\":{\"@id\":\"https:\/\/ccmetropolitano.co\/portal\/producto\/my-touch-perfumeria\/#primaryimage\"},\"thumbnailUrl\":\"https:\/\/ccmetropolitano.co\/portal\/wp-content\/uploads\/2025\/11\/imagen_2025-11-07_161746242.png\",\"datePublished\":\"2025-11-07T21:16:54+00:00\",\"dateModified\":\"2025-11-07T21:18:24+00:00\",\"breadcrumb\":{\"@id\":\"https:\/\/ccmetropolitano.co\/portal\/producto\/my-touch-perfumeria\/#breadcrumb\"},\"inLanguage\":\"es-CO\",\"potentialAction\":[{\"@type\":\"ReadAction\",\"target\":[\"https:\/\/ccmetropolitano.co\/portal\/producto\/my-touch-perfumeria\/\"]}]},{\"@type\":\"ImageObject\",\"inLanguage\":\"es-CO\",\"@id\":\"https:\/\/ccmetropolitano.co\/portal\/producto\/my-touch-perfumeria\/#primaryimage\",\"url\":\"https:\/\/ccmetropolitano.co\/portal\/wp-content\/uploads\/2025\/11\/imagen_2025-11-07_161746242.png\",\"contentUrl\":\"https:\/\/ccmetropolitano.co\/portal\/wp-content\/uploads\/2025\/11\/imagen_2025-11-07_161746242.png\",\"width\":300,\"height\":300},{\"@type\":\"BreadcrumbList\",\"@id\":\"https:\/\/ccmetropolitano.co\/portal\/producto\/my-touch-perfumeria\/#breadcrumb\",\"itemListElement\":[{\"@type\":\"ListItem\",\"position\":1,\"name\":\"Inicio\",\"item\":\"https:\/\/ccmetropolitano.co\/portal\/\"},{\"@type\":\"ListItem\",\"position\":2,\"name\":\"Productos\",\"item\":\"https:\/\/ccmetropolitano.co\/portal\/shop\/\"},{\"@type\":\"ListItem\",\"position\":3,\"name\":\"MY TOUCH &#8211; PERFUMERIA\"}]},{\"@type\":\"WebSite\",\"@id\":\"https:\/\/ccmetropolitano.co\/portal\/#website\",\"url\":\"https:\/\/ccmetropolitano.co\/portal\/\",\"name\":\"https:\/\/ccmetropolitano.co\/\",\"description\":\"El mejor Lugar para ti.\",\"publisher\":{\"@id\":\"https:\/\/ccmetropolitano.co\/portal\/#organization\"},\"alternateName\":\"ccmetropolitano.co\",\"potentialAction\":[{\"@type\":\"SearchAction\",\"target\":{\"@type\":\"EntryPoint\",\"urlTemplate\":\"https:\/\/ccmetropolitano.co\/portal\/?s={search_term_string}\"},\"query-input\":\"required name=search_term_string\"}],\"inLanguage\":\"es-CO\"},{\"@type\":\"Organization\",\"@id\":\"https:\/\/ccmetropolitano.co\/portal\/#organization\",\"name\":\"Centro Comercial Metropolitano\",\"alternateName\":\"CC Metropolitano\",\"url\":\"https:\/\/ccmetropolitano.co\/portal\/\",\"logo\":{\"@type\":\"ImageObject\",\"inLanguage\":\"es-CO\",\"@id\":\"https:\/\/ccmetropolitano.co\/portal\/#\/schema\/logo\/image\/\",\"url\":\"https:\/\/ccmetropolitano.co\/portal\/wp-content\/uploads\/2022\/09\/cropped-Sin-titulo-1-Recuperado_Mesa-de-trabajo-1-copia-3.png\",\"contentUrl\":\"https:\/\/ccmetropolitano.co\/portal\/wp-content\/uploads\/2022\/09\/cropped-Sin-titulo-1-Recuperado_Mesa-de-trabajo-1-copia-3.png\",\"width\":512,\"height\":512,\"caption\":\"Centro Comercial Metropolitano\"},\"image\":{\"@id\":\"https:\/\/ccmetropolitano.co\/portal\/#\/schema\/logo\/image\/\"},\"sameAs\":[\"https:\/\/www.facebook.com\/ccmetropolitanoco\",\"https:\/\/www.instagram.com\/ccmetropolitano\/\"]}]}<\/script>\n<!-- \/ Yoast SEO plugin. -->","yoast_head_json":{"title":"MY TOUCH - PERFUMERIA - CC Metropolitano","robots":{"index":"index","follow":"follow","max-snippet":"max-snippet:-1","max-image-preview":"max-image-preview:large","max-video-preview":"max-video-preview:-1"},"canonical":"https:\/\/ccmetropolitano.co\/portal\/producto\/my-touch-perfumeria\/","og_locale":"es_ES","og_type":"article","og_title":"MY TOUCH - PERFUMERIA - CC Metropolitano","og_description":"En\u00a0Milenium Modas\u00a0( Empresa constante crecimiento ), trabajamos desde comienzos del a\u00f1o 2000, para poder ofrecer a una amplia gama de\u00a0clientes de todas las edades, unos productos de m\u00e1xima calidad, siempre al precio mas competitivo en el mercado.","og_url":"https:\/\/ccmetropolitano.co\/portal\/producto\/my-touch-perfumeria\/","og_site_name":"CC Metropolitano","article_publisher":"https:\/\/www.facebook.com\/ccmetropolitanoco","article_modified_time":"2025-11-07T21:18:24+00:00","og_image":[{"width":300,"height":300,"url":"https:\/\/ccmetropolitano.co\/portal\/wp-content\/uploads\/2025\/11\/imagen_2025-11-07_161746242.png","type":"image\/png"}],"twitter_card":"summary_large_image","twitter_misc":{"Tiempo de lectura":"1 minuto"},"schema":{"@context":"https:\/\/schema.org","@graph":[{"@type":"WebPage","@id":"https:\/\/ccmetropolitano.co\/portal\/producto\/my-touch-perfumeria\/","url":"https:\/\/ccmetropolitano.co\/portal\/producto\/my-touch-perfumeria\/","name":"MY TOUCH - PERFUMERIA - CC Metropolitano","isPartOf":{"@id":"https:\/\/ccmetropolitano.co\/portal\/#website"},"primaryImageOfPage":{"@id":"https:\/\/ccmetropolitano.co\/portal\/producto\/my-touch-perfumeria\/#primaryimage"},"image":{"@id":"https:\/\/ccmetropolitano.co\/portal\/producto\/my-touch-perfumeria\/#primaryimage"},"thumbnailUrl":"https:\/\/ccmetropolitano.co\/portal\/wp-content\/uploads\/2025\/11\/imagen_2025-11-07_161746242.png","datePublished":"2025-11-07T21:16:54+00:00","dateModified":"2025-11-07T21:18:24+00:00","breadcrumb":{"@id":"https:\/\/ccmetropolitano.co\/portal\/producto\/my-touch-perfumeria\/#breadcrumb"},"inLanguage":"es-CO","potentialAction":[{"@type":"ReadAction","target":["https:\/\/ccmetropolitano.co\/portal\/producto\/my-touch-perfumeria\/"]}]},{"@type":"ImageObject","inLanguage":"es-CO","@id":"https:\/\/ccmetropolitano.co\/portal\/producto\/my-touch-perfumeria\/#primaryimage","url":"https:\/\/ccmetropolitano.co\/portal\/wp-content\/uploads\/2025\/11\/imagen_2025-11-07_161746242.png","contentUrl":"https:\/\/ccmetropolitano.co\/portal\/wp-content\/uploads\/2025\/11\/imagen_2025-11-07_161746242.png","width":300,"height":300},{"@type":"BreadcrumbList","@id":"https:\/\/ccmetropolitano.co\/portal\/producto\/my-touch-perfumeria\/#breadcrumb","itemListElement":[{"@type":"ListItem","position":1,"name":"Inicio","item":"https:\/\/ccmetropolitano.co\/portal\/"},{"@type":"ListItem","position":2,"name":"Productos","item":"https:\/\/ccmetropolitano.co\/portal\/shop\/"},{"@type":"ListItem","position":3,"name":"MY TOUCH &#8211; PERFUMERIA"}]},{"@type":"WebSite","@id":"https:\/\/ccmetropolitano.co\/portal\/#website","url":"https:\/\/ccmetropolitano.co\/portal\/","name":"https:\/\/ccmetropolitano.co\/","description":"El mejor Lugar para ti.","publisher":{"@id":"https:\/\/ccmetropolitano.co\/portal\/#organization"},"alternateName":"ccmetropolitano.co","potentialAction":[{"@type":"SearchAction","target":{"@type":"EntryPoint","urlTemplate":"https:\/\/ccmetropolitano.co\/portal\/?s={search_term_string}"},"query-input":"required name=search_term_string"}],"inLanguage":"es-CO"},{"@type":"Organization","@id":"https:\/\/ccmetropolitano.co\/portal\/#organization","name":"Centro Comercial Metropolitano","alternateName":"CC Metropolitano","url":"https:\/\/ccmetropolitano.co\/portal\/","logo":{"@type":"ImageObject","inLanguage":"es-CO","@id":"https:\/\/ccmetropolitano.co\/portal\/#\/schema\/logo\/image\/","url":"https:\/\/ccmetropolitano.co\/portal\/wp-content\/uploads\/2022\/09\/cropped-Sin-titulo-1-Recuperado_Mesa-de-trabajo-1-copia-3.png","contentUrl":"https:\/\/ccmetropolitano.co\/portal\/wp-content\/uploads\/2022\/09\/cropped-Sin-titulo-1-Recuperado_Mesa-de-trabajo-1-copia-3.png","width":512,"height":512,"caption":"Centro Comercial Metropolitano"},"image":{"@id":"https:\/\/ccmetropolitano.co\/portal\/#\/schema\/logo\/image\/"},"sameAs":["https:\/\/www.facebook.com\/ccmetropolitanoco","https:\/\/www.instagram.com\/ccmetropolitano\/"]}]}},"jetpack_sharing_enabled":true,"_links":{"self":[{"href":"https:\/\/ccmetropolitano.co\/portal\/wp-json\/wp\/v2\/product\/3198","targetHints":{"allow":["GET"]}}],"collection":[{"href":"https:\/\/ccmetropolitano.co\/portal\/wp-json\/wp\/v2\/product"}],"about":[{"href":"https:\/\/ccmetropolitano.co\/portal\/wp-json\/wp\/v2\/types\/product"}],"replies":[{"embeddable":true,"href":"https:\/\/ccmetropolitano.co\/portal\/wp-json\/wp\/v2\/comments?post=3198"}],"wp:featuredmedia":[{"embeddable":true,"href":"https:\/\/ccmetropolitano.co\/portal\/wp-json\/wp\/v2\/media\/3199"}],"wp:attachment":[{"href":"https:\/\/ccmetropolitano.co\/portal\/wp-json\/wp\/v2\/media?parent=3198"}],"wp:term":[{"taxonomy":"product_cat","embeddable":true,"href":"https:\/\/ccmetropolitano.co\/portal\/wp-json\/wp\/v2\/product_cat?post=3198"},{"taxonomy":"product_tag","embeddable":true,"href":"https:\/\/ccmetropolitano.co\/portal\/wp-json\/wp\/v2\/product_tag?post=3198"}],"curies":[{"name":"wp","href":"https:\/\/api.w.org\/{rel}","templated":true}]}}